{"id":4,"date":"2018-01-05T11:36:49","date_gmt":"2018-01-05T11:36:49","guid":{"rendered":"http:\/\/falknerei-off.de\/?page_id=4"},"modified":"2023-04-18T10:49:04","modified_gmt":"2023-04-18T10:49:04","slug":"mesmerize","status":"publish","type":"page","link":"https:\/\/falknerei-off.de\/","title":{"rendered":"Home"},"content":{"rendered":"<div  data-label=\"Content\" data-id=\"content--1\" data-export-id=\"content-3\" data-category=\"content\" class=\"content-3 content-section content-section-spacing\" id=\"content-1\" style=\"background-color: rgb(197, 211, 219); background-image: none;\"><div > <div  class=\"row middle-xs\"><div  class=\"col-sm-7 full-col-left-padding full-col-right-padding\"> <div  class=\"row\"><div  data-type=\"column\" class=\"space-bottom-small content-title-col\"> <h5  class=\"\">Wie alles begann\u2026<\/h5> <h2  class=\"\">Familie Off und ihre Leidenschaft<\/h2> <p  class=\"\">Wir hei\u00dfen Magdalena und Jakob und wohnen in Unterbrunn bei Starnberg. Wir sind seit 2012 verheiratet und haben zwei Kinder. Durch meinen Schwager kamen wir auf die Falknerei und f\u00fcr uns stand relativ schnell fest, dass wir den Falkner-Jagdschein machen wollen. &nbsp;Als wir dann mit unserer Coco gemeinsam die Grundlagen der Falknerei erlernt haben, waren wir dem \u201eVogelwahn\u201c endg\u00fcltig erlegen. Wenn meine Frau mit ihrem Pferd ausreitet und der Vogel mitfliegt, ist das f\u00fcr uns beide nach wie vor faszinierend. Fr\u00fcher haben wir beim spazieren gehen vieles nicht wahrgenommen. Jetzt ist der Blick ein anderer und wir sind erstaunt, was es auch im Landkreis Starnberg alles zu sehen gibt!<\/p><\/div> <\/div> <div  class=\"row spaced-cols\" data-type=\"row\">   <div  class=\"col-xs-6\" data-type=\"column\"><a class=\"button color1\" href=\"#\" target=\"_self\" data-cp-link=\"1\" data-icon=\"\" rel=\"noopener\">info@falknerei-off.de<\/a> <\/div>  <\/div><\/div> <div  class=\"col-sm-5 bg-image shadow-large-black revert-classes-holder\" data-bg=\"image\" style=\"background-image: url(&quot;http:\/\/falknerei-off.de\/wp-content\/uploads\/2023\/04\/AND02359-2-scaled.jpg&quot;);\"><\/div><\/div> <\/div><\/div><div  data-label=\"Content\" data-id=\"content--3\" data-export-id=\"content-7\" data-category=\"content\" class=\"content-7 content-section content-section-spacing\" id=\"content-3\" style=\"background-color: rgb(0, 0, 0); background-image: none;\"><div  class=\"gridContainer\"> <div  class=\"row middle-sm\"><div  class=\"col-sm-6 space-bottom-xs\" data-type=\"column\"> <h2  class=\"\"><span  style=\"color: rgb(248, 250, 255);\">Jakob<\/span><\/h2> <p  class=\"\"><span  style=\"color: rgb(248, 251, 254);\">Seit 2013 habe ich den Falknerschein und ich liebe es, dem Vogel beim Fliegen zu zusehen und vergesse dabei gern mal die Zeit.<\/span><\/p> <a class=\"button color1\" href=\"#\" target=\"_self\" data-cp-link=\"1\" data-icon=\"fa-mobile-phone\" rel=\"noopener\"><span  class=\"button-icon fa fa-mobile-phone\"><\/span>0151 581 331 73<\/a><\/div> <div  class=\"col-sm-6\" data-type=\"column\"> <img  decoding=\"async\" class=\"shadow-large\" src=\"http:\/\/falknerei-off.de\/wp-content\/uploads\/2023\/04\/AND01492-2-scaled.jpg\" title=\"AND01492\" alt=\"\"><\/div> <\/div><\/div> <\/div><div  data-label=\"Content\" data-id=\"content--2\" data-export-id=\"content-8\" data-category=\"content\" class=\"content-8 content-section content-section-spacing\" id=\"content-2\" style=\"background-color: rgb(197, 211, 219); background-image: none;\"><div  class=\"gridContainer\"> <div  class=\"row middle-sm\"><div  class=\"col-sm-6 space-bottom-xs space-top-xs\" data-type=\"column\"> <img  decoding=\"async\" class=\"shadow-large\" src=\"http:\/\/falknerei-off.de\/wp-content\/uploads\/2023\/04\/AND02882-3-scaled.jpg\" title=\"AND02882\" alt=\"\"><\/div> <div  class=\"col-sm-6\" data-type=\"column\"><h2  class=\"\">Magdalena<\/h2> <p  class=\"\">Ich bin die Ehefrau vom Jakob und wir haben zwei Kinder. Auch ich bin seit 2013 im Besitz des Falkner-Jagdschein.<\/p> <a class=\"button color1\" href=\"#\" target=\"_self\" data-cp-link=\"1\" data-icon=\"fa-mobile-phone\" rel=\"noopener\"><span  class=\"button-icon fa fa-mobile-phone\"><\/span>0151 505 051 54<\/a><\/div> <\/div><\/div> <\/div><div  data-label=\"Team\" data-id=\"team--1\" data-export-id=\"team-2\" data-category=\"team\" class=\"team-2 content-section content-section-spacing\" id=\"team-1\" style=\"background-color: rgb(3, 0, 0); background-image: none;\"><div  class=\"gridContainer\"> <div  class=\"row text-center\"><div  class=\"section-title-col\" data-type=\"column\"> <h2  class=\"\"><span  style=\"color: rgb(255, 255, 255);\">Unsere V\u00f6gel<\/span><\/h2> <\/div> <\/div> <div  class=\"row spaced-cols content-center-sm\" data-type=\"row\"> <div  class=\"col-sm-6 col-md-3\"> <div  class=\"card y-move no-padding bordered\"> <img  decoding=\"async\" class=\"face\" src=\"http:\/\/falknerei-off.de\/wp-content\/uploads\/2023\/04\/AND02592-scaled.jpg\" title=\"AND02592\" alt=\"\"> <div  data-type=\"column\" class=\"col-padding-small col-padding-small-xs description-container\"> <h4  class=\"font-500\">Kora<\/h4> <p  class=\"lead\">W\u00fcstenbussard<\/p><p  class=\"small\" style=\"font-style: italic;\">Geboren 2021 (w)<br >Sie ist ein charakterstarker Vogel und dabei unser zuverl\u00e4ssiger \u201eAllrounder\u201c (Spazierg\u00e4nge begleiten, mit dem Pferd mit fliegen, Jagen)<\/p> <div  class=\"social-icons-group\" data-type=\"group\"> <a href=\"#\" target=\"_self\" data-reiki-hidden=\"true\" rel=\"noopener\"><i  class=\"fa icon fa-facebook-square gray\"><\/i><\/a> <a href=\"#\" target=\"_self\" data-reiki-hidden=\"true\" rel=\"noopener\"><i  class=\"fa icon fa-twitter-square gray\"><\/i><\/a> <a href=\"#\" target=\"_self\" data-reiki-hidden=\"true\" rel=\"noopener\"><i  class=\"fa icon fa-linkedin-square gray\"><\/i><\/a> <a href=\"#\" target=\"_self\" data-reiki-hidden=\"true\" rel=\"noopener\"><i  class=\"fa icon fa-google-plus-square gray\"><\/i><\/a><\/div> <\/div><\/div> <\/div> <div  class=\"col-sm-6 col-md-3\"> <div  class=\"card y-move no-padding bordered\"> <img  decoding=\"async\" class=\"face\" src=\"http:\/\/falknerei-off.de\/wp-content\/uploads\/2023\/04\/20A8775-scaled.jpg\" title=\"_20A8775\" alt=\"\"> <div  data-type=\"column\" class=\"col-padding-small col-padding-small-xs description-container\"> <h4  class=\"font-500\">Luggi<\/h4> <p  class=\"lead\">Wanderfalke<\/p><p  class=\"small\" style=\"font-style: italic;\">Geboren 2020&nbsp; (m)<br >Er ist der Kampfjet unter unseren V\u00f6geln. Unheimlich schnell und wendig. Ein Genuss ihn beim Fliegen und Jagen zu sehen.<\/p> <div  class=\"social-icons-group\" data-type=\"group\"> <a href=\"#\" target=\"_self\" data-reiki-hidden=\"true\" rel=\"noopener\"><i  class=\"fa icon fa-facebook-square gray\"><\/i><\/a> <a href=\"#\" target=\"_self\" data-reiki-hidden=\"true\" rel=\"noopener\"><i  class=\"fa icon fa-twitter-square gray\"><\/i><\/a> <a href=\"#\" target=\"_self\" data-reiki-hidden=\"true\" rel=\"noopener\"><i  class=\"fa icon fa-linkedin-square gray\"><\/i><\/a> <a href=\"#\" target=\"_self\" data-reiki-hidden=\"true\" rel=\"noopener\"><i  class=\"fa icon fa-google-plus-square gray\"><\/i><\/a><\/div> <\/div><\/div> <\/div> <div  class=\"col-sm-6 col-md-3\"> <div  class=\"card y-move no-padding bordered\"> <img  decoding=\"async\" class=\"face\" src=\"http:\/\/falknerei-off.de\/wp-content\/uploads\/2023\/04\/41A1329-scaled.jpg\" title=\"_41A1329\" alt=\"\"> <div  data-type=\"column\" class=\"col-padding-small col-padding-small-xs description-container\"> <h4  class=\"font-500\">Franzi<\/h4> <p  class=\"lead\">Wei\u00dfgesichtseule<\/p><p  class=\"small\" style=\"font-style: italic;\">\n<br >Geboren 2019&nbsp;(m)<br >Das ist Franzi \u2013 unsere Wei\u00dfgesichtseule. Wobei wir hier wenig zu melden haben, sondern unsere Kinder das Ausbilden weitgehend unter Anleitung \u00fcbernommen haben und auch das regelm\u00e4\u00dfige Freiflugtraining \u00fcbernehmen.<\/p> <div  class=\"social-icons-group\" data-type=\"group\"> <a href=\"#\" target=\"_self\" data-reiki-hidden=\"true\" rel=\"noopener\"><i  class=\"fa icon fa-facebook-square gray\"><\/i><\/a> <a href=\"#\" target=\"_self\" data-reiki-hidden=\"true\" rel=\"noopener\"><i  class=\"fa icon fa-twitter-square gray\"><\/i><\/a> <a href=\"#\" target=\"_self\" data-reiki-hidden=\"true\" rel=\"noopener\"><i  class=\"fa icon fa-linkedin-square gray\"><\/i><\/a> <a href=\"#\" target=\"_self\" data-reiki-hidden=\"true\" rel=\"noopener\"><i  class=\"fa icon fa-google-plus-square gray\"><\/i><\/a><\/div> <\/div><\/div> <\/div> <div  class=\"col-sm-6 col-md-3\"> <div  class=\"card y-move no-padding bordered\"> <img  decoding=\"async\" class=\"face\" src=\"http:\/\/falknerei-off.de\/wp-content\/uploads\/2023\/04\/41A0979-scaled.jpg\" title=\"_41A0979\" alt=\"\"> <div  data-type=\"column\" class=\"col-padding-small col-padding-small-xs description-container\"> <h4  class=\"font-500\">Himeros<\/h4> <p  class=\"lead\">Uhu<\/p><p  class=\"small\" style=\"font-style: italic;\">\n<br >Geboren 2011&nbsp;(m)<br >Unsere europ\u00e4ischer Uhu. Einfach ein Prachtkerl, damit ist alles wichtige gesagt<\/p> <div  class=\"social-icons-group\" data-type=\"group\"> <a href=\"#\" target=\"_self\" data-reiki-hidden=\"true\" rel=\"noopener\"><i  class=\"fa icon fa-facebook-square gray\"><\/i><\/a> <a href=\"#\" target=\"_self\" data-reiki-hidden=\"true\" rel=\"noopener\"><i  class=\"fa icon fa-twitter-square gray\"><\/i><\/a> <a href=\"#\" target=\"_self\" data-reiki-hidden=\"true\" rel=\"noopener\"><i  class=\"fa icon fa-linkedin-square gray\"><\/i><\/a> <a href=\"#\" target=\"_self\" data-reiki-hidden=\"true\" rel=\"noopener\"><i  class=\"fa icon fa-google-plus-square gray\"><\/i><\/a><\/div> <\/div><\/div> <\/div>    <\/div> <\/div><\/div><div  data-label=\"Content\" data-id=\"content--4\" data-export-id=\"content-12\" data-category=\"content\" class=\"content-12 content-section content-section-spacing\" id=\"content-4\" style=\"background-color: rgb(0, 0, 0); background-image: none;\"><div  class=\"gridContainer\"> <div  class=\"row text-center\"><div  class=\"section-title-col\" data-type=\"column\"> <h2  class=\"\"><span  style=\"color: rgb(255, 255, 255);\">Unvergessen \u2013 Unsere Coco<\/span><\/h2> <p  class=\"lead\"><span  style=\"font-weight: 300;\"><span  style=\"color: rgb(249, 251, 255);\">Unsere Coco war von 2013 bis 2022 in unserem Besitz und begleitete uns bei den Spazierg\u00e4ngen. Mit und an ihr haben wir die Grundlagen der Falknerei erlernen d\u00fcrfen. Sie war uns eine tolle Lehrmeisterin und Familienmitglied.<\/span>&nbsp;<\/span><\/p><\/div> <\/div> <div  class=\"row center-xs middle-xs\"> <div  class=\"col-sm-9\" data-type=\"column\"> <img  decoding=\"async\" class=\"shadow-large\" src=\"http:\/\/falknerei-off.de\/wp-content\/uploads\/2018\/01\/cropped-unser-Team-Coco-1.jpg\" title=\"Portrait Coco\" alt=\"\"><a class=\"button big color5\" href=\"#\" target=\"_self\" data-cp-link=\"1\" data-icon=\"\" rel=\"noopener\">NOTHILFE Greifvogel 0151 505 051 54<\/a><\/div> <\/div><\/div> <\/div><div  data-label=\"Contact\" data-id=\"contact--1\" data-export-id=\"contact-1\" data-category=\"contact\" class=\"contact-1 content-section content-section-spacing white-text\" data-parallax-depth=\"20\" id=\"contact-1\" style=\"background-color: rgb(255, 255, 255); background-size: cover; background-position: center top;\" data-section-ov=\"1\"><div  class=\"gridContainer\"> <div  class=\"row text-center\"><div  class=\"section-title-col\" data-type=\"column\">  <\/div> <\/div> <div  class=\"row text-center\"> <div  class=\"col-xs-12 col-sm-8 col-sm-offset-2 contact-form-wrapper inline-info\"> <div  class=\"card large-padding\"> <div  class=\"\" data-content-shortcode=\"mesmerize_contact_form shortcode=&quot;contact-form-7 id=&amp;amp;quot;182&amp;amp;quot; title=&amp;amp;quot;Kontaktformular 1&amp;amp;quot;&quot;\" data-editable=\"true\">\n<div class=\"wpcf7 no-js\" id=\"wpcf7-f182-o1\" lang=\"de-DE\" dir=\"ltr\" data-wpcf7-id=\"182\">\n<div class=\"screen-reader-response\"><p role=\"status\" aria-live=\"polite\" aria-atomic=\"true\"><\/p> <ul><\/ul><\/div>\n<form action=\"\/index.php?rest_route=%2Fwp%2Fv2%2Fpages%2F4#wpcf7-f182-o1\" method=\"post\" class=\"wpcf7-form init\" aria-label=\"Kontaktformular\" novalidate=\"novalidate\" data-status=\"init\">\n<fieldset class=\"hidden-fields-container\"><input type=\"hidden\" name=\"_wpcf7\" value=\"182\" \/><input type=\"hidden\" name=\"_wpcf7_version\" value=\"6.1.5\" \/><input type=\"hidden\" name=\"_wpcf7_locale\" value=\"de_DE\" \/><input type=\"hidden\" name=\"_wpcf7_unit_tag\" value=\"wpcf7-f182-o1\" \/><input type=\"hidden\" name=\"_wpcf7_container_post\" value=\"0\" \/><input type=\"hidden\" name=\"_wpcf7_posted_data_hash\" value=\"\" \/>\n<\/fieldset>\n<p><label> Dein Name<br \/>\n<span class=\"wpcf7-form-control-wrap\" data-name=\"your-name\"><input size=\"40\" maxlength=\"400\" class=\"wpcf7-form-control wpcf7-text wpcf7-validates-as-required\" autocomplete=\"name\" aria-required=\"true\" aria-invalid=\"false\" value=\"\" type=\"text\" name=\"your-name\" \/><\/span> <\/label>\n<\/p>\n<p><label> Deine E-Mail-Adresse<br \/>\n<span class=\"wpcf7-form-control-wrap\" data-name=\"your-email\"><input size=\"40\" maxlength=\"400\" class=\"wpcf7-form-control wpcf7-email wpcf7-validates-as-required wpcf7-text wpcf7-validates-as-email\" autocomplete=\"email\" aria-required=\"true\" aria-invalid=\"false\" value=\"\" type=\"email\" name=\"your-email\" \/><\/span> <\/label>\n<\/p>\n<p><label> Betreff<br \/>\n<span class=\"wpcf7-form-control-wrap\" data-name=\"your-subject\"><input size=\"40\" maxlength=\"400\" class=\"wpcf7-form-control wpcf7-text wpcf7-validates-as-required\" aria-required=\"true\" aria-invalid=\"false\" value=\"\" type=\"text\" name=\"your-subject\" \/><\/span> <\/label>\n<\/p>\n<p><label> Deine Nachricht (optional)<br \/>\n<span class=\"wpcf7-form-control-wrap\" data-name=\"your-message\"><textarea cols=\"40\" rows=\"10\" maxlength=\"2000\" class=\"wpcf7-form-control wpcf7-textarea\" aria-invalid=\"false\" name=\"your-message\"><\/textarea><\/span> <\/label>\n<\/p>\n<p><input class=\"wpcf7-form-control wpcf7-submit has-spinner\" type=\"submit\" value=\"Senden\" \/>\n<\/p><div class=\"wpcf7-response-output\" aria-hidden=\"true\"><\/div>\n<\/form>\n<\/div>\n<\/div><\/div> <\/div><\/div> <\/div><\/div>","protected":false},"excerpt":{"rendered":"<p>Wie alles begann\u2026 Familie Off und ihre Leidenschaft Wir hei\u00dfen Magdalena und Jakob und wohnen in Unterbrunn bei Starnberg. Wir sind seit 2012 verheiratet und haben zwei Kinder. Durch meinen Schwager kamen wir auf die Falknerei und f\u00fcr uns stand relativ schnell fest, dass wir den Falkner-Jagdschein machen wollen. &nbsp;Als wir dann mit unserer Coco&hellip; <br \/> <a class=\"read-more\" href=\"https:\/\/falknerei-off.de\/\">Weiterlesen<\/a><\/p>\n","protected":false},"author":2,"featured_media":0,"parent":0,"menu_order":0,"comment_status":"closed","ping_status":"closed","template":"page-templates\/homepage.php","meta":{"footnotes":""},"class_list":["post-4","page","type-page","status-publish","hentry"],"_links":{"self":[{"href":"https:\/\/falknerei-off.de\/index.php?rest_route=\/wp\/v2\/pages\/4","targetHints":{"allow":["GET"]}}],"collection":[{"href":"https:\/\/falknerei-off.de\/index.php?rest_route=\/wp\/v2\/pages"}],"about":[{"href":"https:\/\/falknerei-off.de\/index.php?rest_route=\/wp\/v2\/types\/page"}],"author":[{"embeddable":true,"href":"https:\/\/falknerei-off.de\/index.php?rest_route=\/wp\/v2\/users\/2"}],"replies":[{"embeddable":true,"href":"https:\/\/falknerei-off.de\/index.php?rest_route=%2Fwp%2Fv2%2Fcomments&post=4"}],"version-history":[{"count":75,"href":"https:\/\/falknerei-off.de\/index.php?rest_route=\/wp\/v2\/pages\/4\/revisions"}],"predecessor-version":[{"id":452,"href":"https:\/\/falknerei-off.de\/index.php?rest_route=\/wp\/v2\/pages\/4\/revisions\/452"}],"wp:attachment":[{"href":"https:\/\/falknerei-off.de\/index.php?rest_route=%2Fwp%2Fv2%2Fmedia&parent=4"}],"curies":[{"name":"wp","href":"https:\/\/api.w.org\/{rel}","templated":true}]}}