{"id":2,"date":"2016-05-10T03:48:21","date_gmt":"2016-05-10T03:48:21","guid":{"rendered":"http:\/\/falknerei-off.de\/?page_id=2"},"modified":"2023-04-17T12:22:00","modified_gmt":"2023-04-17T12:22:00","slug":"sample-page","status":"publish","type":"page","link":"https:\/\/falknerei-off.de\/?page_id=2","title":{"rendered":"Impressum"},"content":{"rendered":"<div  data-label=\"Content\" data-id=\"content--1\" data-export-id=\"content-12\" data-category=\"content\" class=\"content-12 content-section content-section-spacing\" id=\"content-1\" style=\"background-color: rgb(0, 0, 0); background-image: none;\"><div  class=\"gridContainer\"> <div  class=\"row text-center\"><div  class=\"section-title-col\" data-type=\"column\">  <p  class=\"lead\"><span  style=\"font-weight: 700; color: rgb(251, 252, 255);\">Angaben gem\u00e4\u00df \u00a7 5 TMG<\/span><br ><span style=\"color: rgb(251, 252, 255);\" >\r\nJakob Off<\/span><br ><span style=\"color: rgb(251, 252, 255);\" >\r\nBirketstra\u00dfe 2A<\/span><br ><span style=\"color: rgb(251, 252, 255);\" >\r\n82131 Unterbrunn<\/span><br ><span style=\"color: rgb(251, 252, 255);\" >\r\nVertreten durch:<\/span><br ><span style=\"color: rgb(251, 252, 255);\" >\r\nJakob Off<\/span><br >\r\n\r\n<br ><br ><span  style=\"font-weight: 700; color: rgb(251, 252, 255);\">Kontakt:<\/span><br ><span style=\"color: rgb(251, 252, 255);\" >\r\nE-Mail: info@falknerei-off.de<\/span><br ><span style=\"color: rgb(251, 252, 255);\" >\r\nVerantwortlich f\u00fcr den Inhalt nach \u00a7 55 Abs. 2 RStV:<\/span><br ><span style=\"color: rgb(251, 252, 255);\" >\r\nJakob Off<\/span><br ><span style=\"color: rgb(251, 252, 255);\" >\r\nBirketstra\u00dfe 2A<\/span><br ><span style=\"color: rgb(251, 252, 255);\" >\r\n82131 Unterbrunn<\/span><br ><span style=\"color: rgb(251, 252, 255);\" >\r\n2023 All pictures copyright by Jakob Off and may not be reproduced by any means without prior written authorization.\r\n<br ><\/span>\r\n<br ><br ><span style=\"color: rgb(246, 249, 255);\" ><span style=\"font-weight: 700;\" >Design\r\n<br ><span style=\"font-size: 1.2rem; font-weight: 300;\" >GE-PICS<\/span><span style=\"font-size: 1.2rem; font-weight: 300;\" >&nbsp;<\/span><\/span><\/span><span style=\"color: rgb(246, 249, 255);\" >G\u00fcnther Ebner\r\n<\/span><br ><span style=\"color: rgb(246, 249, 255);\" >Untergasse 18\r\n<\/span><br ><span style=\"color: rgb(246, 249, 255);\" >82395 Obers\u00f6chering\r\n<\/span><br ><span style=\"color: rgb(246, 249, 255);\" >ge@ge-pics.de<\/span><br >\r\n\r\n<br ><br ><span  style=\"font-weight: 700; color: rgb(251, 252, 255);\">Haftungsausschluss:<\/span><br >\r\n\r\n<br ><br ><span style=\"color: rgb(251, 252, 255);\" >Haftung f\u00fcr Inhalte<\/span><br ><span style=\"color: rgb(251, 252, 255);\" >\r\nDie Inhalte unserer Seiten wurden mit gr\u00f6\u00dfter Sorgfalt erstellt. F\u00fcr die Richtigkeit, Vollst\u00e4ndigkeit und Aktualit\u00e4t der Inhalte k\u00f6nnen wir jedoch keine Gew\u00e4hr \u00fcbernehmen. Als Diensteanbieter sind wir gem\u00e4\u00df \u00a7 7 Abs.1 TMG f\u00fcr eigene Inhalte auf diesen Seiten nach den allgemeinen Gesetzen verantwortlich. Nach \u00a7\u00a7 8 bis 10 TMG sind wir als Diensteanbieter jedoch nicht verpflichtet, \u00fcbermittelte oder gespeicherte fremde Informationen zu \u00fcberwachen oder nach Umst\u00e4nden zu forschen, die auf eine rechtswidrige T\u00e4tigkeit hinweisen. Verpflichtungen zur Entfernung oder Sperrung der Nutzung von Informationen nach den allgemeinen Gesetzen bleiben hiervon unber\u00fchrt. Eine diesbez\u00fcgliche Haftung ist jedoch erst ab dem Zeitpunkt der Kenntnis einer konkreten Rechtsverletzung m\u00f6glich. Bei Bekanntwerden von entsprechenden Rechtsverletzungen werden wir diese Inhalte umgehend entfernen.<\/span><br >\r\n\r\n<br ><br ><span style=\"color: rgb(251, 252, 255);\" >Urheberrecht<\/span><br ><span style=\"color: rgb(251, 252, 255);\" >\r\nDie durch die Seitenbetreiber erstellten Inhalte und Werke auf diesen Seiten unterliegen dem deutschen Urheberrecht. Die Vervielf\u00e4ltigung, Bearbeitung, Verbreitung und jede Art der Verwertung au\u00dferhalb der Grenzen des Urheberrechtes bed\u00fcrfen der schriftlichen Zustimmung des jeweiligen Autors bzw. Erstellers. Downloads und Kopien dieser Seite sind nur f\u00fcr den privaten, nicht kommerziellen Gebrauch gestattet. Soweit die Inhalte auf dieser Seite nicht vom Betreiber erstellt wurden, werden die Urheberrechte Dritter beachtet. Insbesondere werden Inhalte Dritter als solche gekennzeichnet. Sollten Sie trotzdem auf eine Urheberrechtsverletzung aufmerksam werden, bitten wir um einen entsprechenden Hinweis. Bei Bekanntwerden von Rechtsverletzungen werden wir derartige Inhalte umgehend entfernen.<\/span><br >\r\n\r\n<br ><br ><span style=\"color: rgb(251, 252, 255);\" >Datenschutz<\/span><br ><span style=\"color: rgb(251, 252, 255);\" >\r\nDie Nutzung unserer Webseite ist in der Regel ohne Angabe personenbezogener Daten m\u00f6glich. Soweit auf unseren Seiten personenbezogene Daten (beispielsweise Name, Anschrift oder eMail-Adressen) erhoben werden, erfolgt dies, soweit m\u00f6glich, stets auf freiwilliger Basis. Diese Daten werden ohne Ihre ausdr\u00fcckliche Zustimmung nicht an Dritte weitergegeben.<\/span><br ><span style=\"color: rgb(251, 252, 255);\" >\r\nWir weisen darauf hin, dass die Daten\u00fcbertragung im Internet (z.B. bei der Kommunikation per E-Mail) Sicherheitsl\u00fccken aufweisen kann. Ein l\u00fcckenloser Schutz der Daten vor dem Zugriff durch Dritte ist nicht m\u00f6glich.<\/span><br ><span style=\"color: rgb(251, 252, 255);\" >\r\nDer Nutzung von im Rahmen der Impressumspflicht ver\u00f6ffentlichten Kontaktdaten durch Dritte zur \u00dcbersendung von nicht ausdr\u00fccklich angeforderter Werbung und Informationsmaterialien wird hiermit ausdr\u00fccklich widersprochen. Die Betreiber der Seiten behalten sich ausdr\u00fccklich rechtliche Schritte im Falle der unverlangten Zusendung von Werbeinformationen, etwa durch Spam-Mails, vor.<\/span><\/p><\/div> <\/div> <div  class=\"row center-xs middle-xs\"> <div  class=\"col-sm-9\" data-type=\"column\"> <\/div> <\/div><\/div> <\/div>","protected":false},"excerpt":{"rendered":"<p>Angaben gem\u00e4\u00df \u00a7 5 TMG Jakob Off Birketstra\u00dfe 2A 82131 Unterbrunn Vertreten durch: Jakob Off Kontakt: E-Mail: info@falknerei-off.de Verantwortlich f\u00fcr den Inhalt nach \u00a7 55 Abs. 2 RStV: Jakob Off Birketstra\u00dfe 2A 82131 Unterbrunn 2023 All pictures copyright by Jakob Off and may not be reproduced by any means without prior written authorization. Design GE-PICS&nbsp;G\u00fcnther&hellip; <br \/> <a class=\"read-more\" href=\"https:\/\/falknerei-off.de\/?page_id=2\">Weiterlesen<\/a><\/p>\n","protected":false},"author":2,"featured_media":0,"parent":0,"menu_order":0,"comment_status":"closed","ping_status":"open","template":"pro\/page-templates\/full-width-page.php","meta":{"footnotes":""},"class_list":["post-2","page","type-page","status-publish","hentry"],"_links":{"self":[{"href":"https:\/\/falknerei-off.de\/index.php?rest_route=\/wp\/v2\/pages\/2","targetHints":{"allow":["GET"]}}],"collection":[{"href":"https:\/\/falknerei-off.de\/index.php?rest_route=\/wp\/v2\/pages"}],"about":[{"href":"https:\/\/falknerei-off.de\/index.php?rest_route=\/wp\/v2\/types\/page"}],"author":[{"embeddable":true,"href":"https:\/\/falknerei-off.de\/index.php?rest_route=\/wp\/v2\/users\/2"}],"replies":[{"embeddable":true,"href":"https:\/\/falknerei-off.de\/index.php?rest_route=%2Fwp%2Fv2%2Fcomments&post=2"}],"version-history":[{"count":11,"href":"https:\/\/falknerei-off.de\/index.php?rest_route=\/wp\/v2\/pages\/2\/revisions"}],"predecessor-version":[{"id":297,"href":"https:\/\/falknerei-off.de\/index.php?rest_route=\/wp\/v2\/pages\/2\/revisions\/297"}],"wp:attachment":[{"href":"https:\/\/falknerei-off.de\/index.php?rest_route=%2Fwp%2Fv2%2Fmedia&parent=2"}],"curies":[{"name":"wp","href":"https:\/\/api.w.org\/{rel}","templated":true}]}}