{"id":202,"date":"2023-04-14T14:26:57","date_gmt":"2023-04-14T14:26:57","guid":{"rendered":"http:\/\/falknerei-off.de\/?page_id=202"},"modified":"2023-04-14T14:46:27","modified_gmt":"2023-04-14T14:46:27","slug":"agb","status":"publish","type":"page","link":"http:\/\/falknerei-off.de\/?page_id=202","title":{"rendered":"AGB"},"content":{"rendered":"<div  data-label=\"Content\" data-id=\"content--1\" data-export-id=\"content-12\" data-category=\"content\" class=\"content-12 content-section content-section-spacing\" id=\"content-1\" style=\"background-color: rgb(0, 0, 0); background-image: none;\"><div  class=\"gridContainer\"> <div  class=\"row text-center\"><div  class=\"section-title-col\" data-type=\"column\">  <p  class=\"lead\"><span  style=\"color: rgb(249, 251, 253);\">Das Vertragsverh\u00e4ltnis zwischen dem Teilnehmer unserer Angebote und der Falknerei Off (folgend \u201eFalknerei\u201c genannt) als Veranstalter, wird durch die nachfolgenden AGBs geregelt. F\u00fcr den jeweiligen einzelnen Gesch\u00e4ftsfall bed\u00fcrfen Ab\u00e4nderungen oder Nebenabreden der schriftlichen Best\u00e4tigung der Falknerei sonst gelten sie als ung\u00fcltig. Entgegenstehende Gesch\u00e4ftsbedingungen des Teilnehmers werden nicht anerkannt, auch wenn diesen nicht ausdr\u00fccklich widersprochen wurde.<\/span><br >\n\n<br ><br ><span  style=\"font-weight: 700; color: rgb(249, 251, 253);\">Anmeldung\/Anmeldebest\u00e4tigung<\/span><br ><span  style=\"color: rgb(249, 251, 253);\">\nDie Anmeldung zu einem unserer Angebote erfolgt schriftlich, online (www.falknerei-off.de) oder per Email. Ein Vertrag \u00fcber die Teilnahme kommt erst durch Schriftliche Best\u00e4tigung oder Email der Falknerei Off zustande. Die Falknerei ist berechtigt, die Anmeldung zu einem der aufgef\u00fchrten Angebote ohne Angabe von Gr\u00fcnden abzulehnen.<\/span><br >\n\n<br ><br ><span  style=\"font-weight: 700; color: rgb(249, 251, 253);\">Teilnahmegeb\u00fchren und Zahlungsbedingungen<\/span><br ><span  style=\"color: rgb(249, 251, 253);\">\nAlle Geb\u00fchren verstehen sich inklusive der gesetzlichen Mehrwertsteuer. Es gelten die jeweils zum Zeitpunkt der Anmeldung ver\u00f6ffentlichten Geb\u00fchren. Wenn es sich um einen Geschenkgutschein handelt, ist der volle Betrag vor Versand des Gutscheins zu begleichen, der Gutschein gilt dann vor Ort als Zahlungsmittel. Bei Terminvereinbarungen kann die vollst\u00e4ndige Teilnahmegeb\u00fchr auch Bar am Termin beglichen werden. Soweit dies in der Beschreibung angegeben ist, werden die Kosten f\u00fcr Brotzeit und Getr\u00e4nke von der Falknerei \u00fcbernommen. Etwaige Reisekosten des Teilnehmers sowie Aufwendungen f\u00fcr \u00dcbernachtung und Verpflegung au\u00dferhalb des Angebotes in der Falknerei Off sind nicht inbegriffen<\/span><br >\n\n<br ><br ><span  style=\"font-weight: 700; color: rgb(249, 251, 253);\">Stornierung<\/span><br ><span  style=\"color: rgb(249, 251, 253);\">\nStornierungen eines Erlebnistages m\u00fcssen schriftlich oder per Mail erfolgen. Sollte ein Teilnehmer verhindert sein, ist die Teilnahme einer Ersatzperson nach Absprache ohne Aufpreis m\u00f6glich. Bei Stornierung oder Umbuchung des Termins sind bis 4 Kalendertage vor der Veranstaltung keine Geb\u00fchren f\u00e4llig. Bei weniger als 4 Kalendertagen, ebenso bei Nichterscheinen (gleich aus welchem Grund) ist die volle Geb\u00fchr zu entrichten.<\/span><br >\n\n<br ><br ><span  style=\"color: rgb(249, 251, 253);\">Anschrift<\/span><br ><span  style=\"color: rgb(249, 251, 253);\">\nJakob Off<\/span><br ><span  style=\"color: rgb(249, 251, 253);\">\nBirketstra\u00dfe 2A<\/span><br ><span  style=\"color: rgb(249, 251, 253);\">\n82131 Unterbrunn<\/span><br ><span  style=\"color: rgb(249, 251, 253);\">\ninfo@falknerei-off.de<\/span><\/p><\/div> <\/div> <div  class=\"row center-xs middle-xs\"> <div  class=\"col-sm-9\" data-type=\"column\"> <\/div> <\/div><\/div> <\/div>","protected":false},"excerpt":{"rendered":"<p>Das Vertragsverh\u00e4ltnis zwischen dem Teilnehmer unserer Angebote und der Falknerei Off (folgend \u201eFalknerei\u201c genannt) als Veranstalter, wird durch die nachfolgenden AGBs geregelt. F\u00fcr den jeweiligen einzelnen Gesch\u00e4ftsfall bed\u00fcrfen Ab\u00e4nderungen oder Nebenabreden der schriftlichen Best\u00e4tigung der Falknerei sonst gelten sie als ung\u00fcltig. Entgegenstehende Gesch\u00e4ftsbedingungen des Teilnehmers werden nicht anerkannt, auch wenn diesen nicht ausdr\u00fccklich widersprochen wurde.&hellip; <br \/> <a class=\"read-more\" href=\"http:\/\/falknerei-off.de\/?page_id=202\">Weiterlesen<\/a><\/p>\n","protected":false},"author":2,"featured_media":0,"parent":0,"menu_order":0,"comment_status":"closed","ping_status":"closed","template":"pro\/page-templates\/full-width-page.php","meta":{"footnotes":""},"class_list":["post-202","page","type-page","status-publish","hentry"],"_links":{"self":[{"href":"http:\/\/falknerei-off.de\/index.php?rest_route=\/wp\/v2\/pages\/202","targetHints":{"allow":["GET"]}}],"collection":[{"href":"http:\/\/falknerei-off.de\/index.php?rest_route=\/wp\/v2\/pages"}],"about":[{"href":"http:\/\/falknerei-off.de\/index.php?rest_route=\/wp\/v2\/types\/page"}],"author":[{"embeddable":true,"href":"http:\/\/falknerei-off.de\/index.php?rest_route=\/wp\/v2\/users\/2"}],"replies":[{"embeddable":true,"href":"http:\/\/falknerei-off.de\/index.php?rest_route=%2Fwp%2Fv2%2Fcomments&post=202"}],"version-history":[{"count":3,"href":"http:\/\/falknerei-off.de\/index.php?rest_route=\/wp\/v2\/pages\/202\/revisions"}],"predecessor-version":[{"id":217,"href":"http:\/\/falknerei-off.de\/index.php?rest_route=\/wp\/v2\/pages\/202\/revisions\/217"}],"wp:attachment":[{"href":"http:\/\/falknerei-off.de\/index.php?rest_route=%2Fwp%2Fv2%2Fmedia&parent=202"}],"curies":[{"name":"wp","href":"https:\/\/api.w.org\/{rel}","templated":true}]}}